{"id":8458,"date":"2021-05-12T14:09:02","date_gmt":"2021-05-12T14:09:02","guid":{"rendered":"https:\/\/kreator.dev\/hemija\/?page_id=8458"},"modified":"2023-01-12T01:18:53","modified_gmt":"2023-01-12T01:18:53","slug":"subdepartment-of-physical-chemistry","status":"publish","type":"page","link":"https:\/\/hemija.pmf.unsa.ba\/eng\/organization-of-the-department\/subdepartment-of-physical-chemistry\/","title":{"rendered":"Subdepartment of Physical Chemistry"},"content":{"rendered":"<div class=\"wpb-content-wrapper\"><p>[vc_row css=&#8221;.vc_custom_1621441328896{margin-bottom: 80px !important;}&#8221;][vc_column]<div class=\"qodef-section-title-holder  qodef-st-standard qodef-st-title-left qodef-st-normal-space \" style=\"text-align: center\">\n\t<div class=\"qodef-st-inner\">\n\t\t\t\t\t<h2 class=\"qodef-st-title\" >\n\t\t\t\tSubdepartment of Physical Chemistry\t\t\t<\/h2>\n\t\t                    <span class=\"qodef-st-background-text\" >\n                Department of Chemistry            <\/span>\n        \t\t\t<\/div>\n<\/div>[vc_row_inner css=&#8221;.vc_custom_1621441139032{margin-top: 120px !important;}&#8221;][vc_column_inner width=&#8221;1\/6&#8243;][vc_single_image image=&#8221;8466&#8243; img_size=&#8221;full&#8221; style=&#8221;vc_box_border&#8221;][\/vc_column_inner][vc_column_inner width=&#8221;5\/6&#8243;][vc_column_text css=&#8221;.vc_custom_1672147427235{margin-top: -15px !important;}&#8221;]The Subdepartment of Physical Chemistry was founded with the arrival of Prof. Dr. Tibor \u0160kerlak to Sarajevo in the spring of 1954, after being elected to the position of Associate Professor of Physical Chemistry at the Department of Chemistry at the Faculty of Philosophy in Sarajevo. The following year, Tibor Ribar was chosen as an assistant. The first head of the Subdepartment was prof. Dr. Tibor \u0160kerlak. The members of this Chair also performed very important functions in the work of the Faculty and the University.<\/p>\n<p>A large number of scientific and professional works were published and cooperation was established related to the scientific and professional issues of large economic organizations and their institutes (&#8220;Energoinvest&#8221;, &#8220;UNIS&#8221;, &#8220;Zrak&#8221;), whose personnel the members of the Department guided through the labyrinth of science and practice, being their mentors.[\/vc_column_text][\/vc_column_inner][\/vc_row_inner][\/vc_column][\/vc_row][vc_row full_width=&#8221;stretch_row&#8221; css=&#8221;.vc_custom_1620828677045{padding-top: 32px !important;padding-bottom: 74px !important;background-color: #f7f7f7 !important;}&#8221;][vc_column width=&#8221;1\/2&#8243;][vc_column_text]The members of the Suhave on several occasions stayed in scientific institutions in developed countries (USA, Canada, Great Britain, Germany, Switzerland), but also in developing countries (Zambia), where they transferred their rich scientific and pedagogical experience to young staff in those countries. The first postgraduate study &#8220;Kinetics and Catalysis&#8221; was organized at the Faculty of Science in Sarajevo, which enabled the then young assistant staff of the Subdepartment of Chemistry to develop and advance to teaching and scientific positions. Later, a postgraduate course in corrosion and electrochemistry was opened.[\/vc_column_text][\/vc_column][vc_column width=&#8221;1\/2&#8243; css=&#8221;.vc_custom_1620829649868{padding-left: 30px !important;}&#8221;][vc_column_text]During the past war, the premises of the Subdepartment were completely devastated. This especially applies to the student practicum, which was completely destroyed and set on fire. The losses also apply to the teaching staff of the Faculty, but even in such difficult conditions, work with students was not interrupted.[\/vc_column_text][\/vc_column][\/vc_row][vc_row full_width=&#8221;stretch_row&#8221; css=&#8221;.vc_custom_1621441516430{padding-bottom: 44px !important;background-color: #1a616b !important;}&#8221;][vc_column][vc_column_text el_class=&#8221;kreator-big-text kreator-dark-section&#8221;]<\/p>\n<p style=\"text-align: center;\">Hundreds of graduate and master&#8217;s theses, doctoral theses and professional projects have been completed at the Department.<\/p>\n<p>[\/vc_column_text][\/vc_column][\/vc_row][vc_row css=&#8221;.vc_custom_1621441933942{margin-top: 27px !important;margin-bottom: 72px !important;}&#8221;][vc_column width=&#8221;1\/2&#8243;][vc_column_text]Over many years, the Department has had a large number of teachers, associates and non-teaching staff.<\/p>\n<p>In addition to the professors mentioned above, Prof. Dr. Borivoj Gali\u0107, prof. Dr. Merzuk Cacan, assistant professor dr. Vjero\u010dka \u0160i\u0161lov, then, prof. Dr. Branko \u0160kundri\u0107, prof. Dr. Jelena Penavin-\u0160kundri\u0107, assistant professor Ph.D. Branka Ninkov, as well as his colleagues at the time, Ph.D. Predrag Ili\u0107, Ph.D. Mladen Milo\u0161, Ph.D. Du\u0161ko \u0160uti\u0107, Ph.D. \u017deljka Karlovi\u0107, MSc., Tomislav Luki\u0107, Vuk \u0160iljegovi\u0107, Nada Gotovac and many others who achieved enviable academic careers.<\/p>\n<p>During its development, the department relied significantly on the hard work of non-teaching staff.[\/vc_column_text][\/vc_column][vc_column width=&#8221;1\/2&#8243;][vc_column_text]Today&#8217;s activities of the Subdepartment of Physical Chemistry, in addition to teaching, are focused on scientific research work in electrochemistry, materials science, enzyme catalysis and chemical kinetics, as well as cooperation with the economy, which is reflected in various services from the domains and capabilities of our laboratories.[\/vc_column_text][vc_column_text][\/vc_column_text][vc_column_text css=&#8221;.vc_custom_1670281774632{margin-top: 30px !important;border-top-width: 1px !important;border-right-width: 1px !important;border-bottom-width: 1px !important;border-left-width: 1px !important;padding-top: 20px !important;padding-right: 20px !important;padding-bottom: 30px !important;padding-left: 30px !important;border-left-color: #1a616b !important;border-left-style: solid !important;border-right-color: #1a616b !important;border-right-style: solid !important;border-top-color: #1a616b !important;border-top-style: solid !important;border-bottom-color: #1a616b !important;border-bottom-style: solid !important;}&#8221;]<strong>Head of Department: <\/strong><a href=\"https:\/\/hemija.pmf.unsa.ba\/eng\/teaching-staff\/prof-safija-herenda-ph-d\/\" rel=\"noopener\">Assoc. Prof. Safija Herenda<\/a><br \/>\n<strong>Contact phone:<\/strong>\u00a0033\/279-995<br \/>\n<strong>E-mail: <\/strong><a href=\"mailto:safija@pmf.unsa.ba\">safija@pmf.unsa.ba<\/a><br \/>\n<strong>Office number:<\/strong>\u00a0321\/III[\/vc_column_text][\/vc_column][\/vc_row][vc_row full_width=&#8221;stretch_row&#8221; css=&#8221;.vc_custom_1621460033919{padding-top: 45px !important;padding-bottom: 80px !important;background-color: #f7f7f7 !important;}&#8221;][vc_column][vc_column_text]<\/p>\n<table class=\"katedra-table\">\n<thead>\n<tr>\n<th style=\"text-align: center;\" colspan=\"5\">Teachers and associates<\/th>\n<\/tr>\n<tr>\n<th>Academic title<\/th>\n<th>Name and surname<\/th>\n<th>Phone number<\/th>\n<th>Cabinet number<\/th>\n<th>E-mail address<\/th>\n<\/tr>\n<\/thead>\n<tbody>\n<tr>\n<td>Full professor<\/td>\n<td><a href=\"https:\/\/hemija.pmf.unsa.ba\/eng\/teaching-staff\/prof-sabina-gojak-salimovic-ph-d\/\">Sabina Gojak &#8211; Salimovi\u0107<\/a><\/td>\n<td>033\/279-907<\/td>\n<td>344<\/td>\n<td><a href=\"mailto:sgojak@pmf.unsa.ba\">sgojak@pmf.unsa.ba<\/a><\/td>\n<\/tr>\n<tr>\n<td>Full professor<\/td>\n<td><a href=\"https:\/\/hemija.pmf.unsa.ba\/eng\/teaching-staff\/prof-fehim-korac-ph-d\/\">Fehim Kora\u0107<\/a><\/td>\n<td>033\/279-915<\/td>\n<td>338<\/td>\n<td><a href=\"mailto:fkorac@pmf.unsa.ba\">fkorac@pmf.unsa.ba<\/a><\/td>\n<\/tr>\n<tr>\n<td>Associate professor<br \/>\nHead of the department<\/td>\n<td><a href=\"https:\/\/hemija.pmf.unsa.ba\/eng\/teaching-staff\/prof-safija-herenda-ph-d\/\">Safija Herenda<\/a><\/td>\n<td>033\/279-995<\/td>\n<td>321<\/td>\n<td><a href=\"mailto:safija@pmf.unsa.ba\">safija@pmf.unsa.ba<\/a><\/td>\n<\/tr>\n<tr>\n<td>Associate professor<\/td>\n<td><a href=\"https:\/\/hemija.pmf.unsa.ba\/eng\/teaching-staff\/prof-sanjin-gutic-ph-d\/\">Sanjin Guti\u0107<\/a><\/td>\n<td>033\/279-962<\/td>\n<td>333<\/td>\n<td><a href=\"mailto:sgutic@pmf.unsa.ba\">sgutic@pmf.unsa.ba<\/a><\/td>\n<\/tr>\n<tr>\n<td>Assistant professor<\/td>\n<td><a href=\"https:\/\/hemija.pmf.unsa.ba\/eng\/teaching-staff\/assist-prof-jelena-ostojic-ph-d\/\">Jelena Ostoji\u0107<\/a><\/td>\n<td>033\/279-911<\/td>\n<td>332<\/td>\n<td><a href=\"mailto:jelena@pmf.unsa.ba\">jelena@pmf.unsa.ba<\/a><\/td>\n<\/tr>\n<\/tbody>\n<\/table>\n<p>[\/vc_column_text][vc_column_text css=&#8221;.vc_custom_1672063387181{margin-top: 40px !important;}&#8221;]<\/p>\n<table class=\"katedra-table\">\n<thead>\n<tr>\n<th style=\"text-align: center;\" colspan=\"5\">Non-teaching staff<\/th>\n<\/tr>\n<tr>\n<th>Academic title<\/th>\n<th>Name and surname<\/th>\n<th>Phone number<\/th>\n<th>Cabinet number<\/th>\n<th>E-mail address<\/th>\n<\/tr>\n<\/thead>\n<tbody>\n<tr>\n<td>Senior laboratory assistant<\/td>\n<td>Alma Be\u0161lija<\/td>\n<td>033\/279-918<\/td>\n<td>322<\/td>\n<td>\n<div><a href=\"mailto:beslija.alma@pmf.unsa.ba\"><span lang=\"PL\">beslija.alma@pmf.unsa.ba<\/span><\/a><\/div>\n<\/td>\n<\/tr>\n<\/tbody>\n<\/table>\n<p>[\/vc_column_text][\/vc_column][\/vc_row][vc_row css=&#8221;.vc_custom_1622540800908{padding-top: 47px !important;padding-bottom: 56px !important;}&#8221;][vc_column][vc_tta_accordion shape=&#8221;square&#8221; color=&#8221;sky&#8221; gap=&#8221;10&#8243; c_icon=&#8221;chevron&#8221; c_position=&#8221;right&#8221; active_section=&#8221;&#8221; collapsible_all=&#8221;true&#8221; el_class=&#8221;kreator-tabs&#8221;][vc_tta_section title=&#8221;Scientific papers \u2013 2021.&#8221; tab_id=&#8221;1622540338042-160759a4-7d1b&#8221;][vc_column_text]<\/p>\n<h3>Scientific papers \u2013 2022<\/h3>\n<ol>\n<li>Haskovic E, <strong>Herenda<\/strong> S, Herenda A, Haskovic D, Haskovic E, Selimovic A. Effects of drug betamethasone on hematological parameters of Rattus norvegicus (Berkenhout 1769) in vivo conditions. J of IMAB. 2022 Apr-Jun;28(2):4525-4531. DOI: <a href=\"https:\/\/doi.org\/10.5272\/jimab.2022283.4525\">https:\/\/doi.org\/10.5272\/jimab.2022283.4525<\/a> (<em>Web of Science<\/em>)<\/li>\n<li>Edhem Haskovi\u0107, Harun Uzunal\u0131\u0107, Sne\u017eana Un\u010danin, <strong>Safija Herenda<\/strong>, Denis Haskovi\u0107, Amina Selimovi\u0107, An analysis of laboratory parameters of chronic kidney failure in elderly patients, Acta facultatis medicae Naissensis, 2022, 39 (4):1-8.<\/li>\n<\/ol>\n<h3>Scientific papers \u2013 2021.<\/h3>\n<ol>\n<li>Edhem Haskovi\u0107, <strong>Safija Herenda<\/strong>, Zehra Halilovi\u0107, Sne\u017eana Un\u010danin, Denis Haskovi\u0107, Ena Deljki\u0107, Investigation of the Effect of Loratadine and Calcium Ions on Oxidoreductase Activity of Catalase Enzyme, Current Enzyme Inhibition, 2021, 17, 26-32. (Scopus, Chemical Abstracts Service, EBSCO Host)<\/li>\n<\/ol>\n<p>[\/vc_column_text][\/vc_tta_section][vc_tta_section title=&#8221;Scientific papers &#8211; From 2020 to 2011&#8243; tab_id=&#8221;1622540387074-95352337-3a9b&#8221;][vc_column_text]<\/p>\n<h3>Scientific papers \u2013 2020.<\/h3>\n<ol>\n<li><strong>S.J. Guti\u0107, <\/strong>A.S. Dobrota, E. Fako, N.V. Skorodumova, N. Lopez, I.A. Pa\u0161ti, Hydrogen Evolution Reaction-From Single Crystal to Single Atom Catalysts, <em>Catalysts<\/em> 10 (2020) 290.<\/li>\n<li>Dedi\u0107, <strong>S. Guti\u0107, <\/strong>A Gi\u010devi\u0107, E. Be\u010di\u0107, B. Imamovi\u0107, D. Markovi\u0107, N. \u017diga-Smaji\u0107, Application of membrane filters in determination of the adsorption of tetracycline hydrochloride on graphene oxide, <em>Pharmacia<\/em> 67 (2020) 339<\/li>\n<li><strong>Safija Herenda<\/strong>, Edhem Haskovi\u0107, Denis Haskovi\u0107, Ena Deljki\u0107, (2020) Pregled: Ispitivanje elektrohemijskih osobina beta blokatora i ACE inhibitora metodom cikli\u010dne voltametrije, Zastita Materijala 61 (2) 128 \u2013 132. (International Scientific Indexing (ISI)<\/li>\n<li>Haveri\u0107, A., Durmi\u0107-Pa\u0161i\u0107, A., Ali\u0107, A., Mujezinovi\u0107, I., Smajlovi\u0107, A., <strong>Ostoji\u0107, J<\/strong>., Ahatovi\u0107, A., Had\u017ei\u0107, M., Pra\u0161ovi\u0107, S., Haveri\u0107, S. and Gali\u0107, B., 2020. Biochemical and histomorphological findings in Swiss Wistar rats treated with potential boron-containing therapeutic-K2 [B3O3F4OH]. Journal of Trace Elements in Medicine and Biology, 62, p.126642.<\/li>\n<li>Deliba\u0161i\u0107, \u0160., \u0110oki\u0107-Kahved\u017ei\u0107, N., Kari\u0107, M., Keskin, I., Velispahi\u0107, A., Huremovi\u0107, J.,\u00a0 Herceg, K., Selimovi\u0107, A., Silajd\u017ei\u0107, S., \u017dero, S., <strong>Gojak-Salimovi\u0107, S<\/strong>., Parti\u0107, A., Pa\u0161ali\u0107, A.\u00a0 (2020). Health risk assessment of heavy metal contamination in street dust of Federation of Bosnia and Herzegovina, Human and Ecological Risk Assessment: An International Journal, 1-13.<\/li>\n<li>Huremovi\u0107, J., \u017dero, S., Bubalo, E., Daci\u0107, M., \u010celikovi\u0107, A., Musi\u0107, I., Ba\u0161i\u0107, M.,\u00a0 Huseinba\u0161i\u0107, N.,\u00a0 D\u017eepina; K., Cepi\u0107, M., Muratovi\u0107, N.,\u00a0 Pa\u0161ali\u0107, A., Salihagi\u0107, S.,\u00a0 Krvavac, Z., Zeli\u0107-Had\u017eiomerovi\u0107, J., <strong>Gojak-Salimovi\u0107, S.<\/strong> (2020). Analysis of PM10, Pb, Cd and Ni atmospheric concentrations during domestic heating season in Sarajevo, Bosnia and Herzegovina, from 2010 to 2019, Air Quality, Atmosphere and Health, 1-12.<\/li>\n<li><strong>Gojak-Salimovi\u0107, S<\/strong>., Rami\u0107, S.\u00a0 (2020). Investigation of the antioxidant synergisms and antagonisms among caffeic, ferulic and rosmarinic acids using the Briggs-Rauscher reaction method, Bulletin of the Chemists and Technologists of Bosnia and Herzegovina\/Glasnik hemi\u010dara i tehnologa Bosne i Hercegovine, 54, 27-30.<\/li>\n<li>Deliba\u0161i\u0107, \u0160., Huremovi\u0107, J., \u017dero, S., <strong>Gojak-Salimovi\u0107, S<\/strong>. (2020). Water quality of the Trstionica River (Bosnia and Herzegovina), Kemija u industriji\/Journal of Chemists and Chemical Engineers), 69(7-8), 371-376.<\/li>\n<\/ol>\n<p>[\/vc_column_text][\/vc_tta_section][\/vc_tta_accordion][\/vc_column][\/vc_row][vc_column][\/vc_column]<\/p>\n<\/div>","protected":false},"excerpt":{"rendered":"<p>[vc_row css=&#8221;.vc_custom_1621441328896{margin-bottom: 80px !important;}&#8221;][vc_column][vc_row_inner css=&#8221;.vc_custom_1621441139032{margin-top: 120px !important;}&#8221;][vc_column_inner width=&#8221;1\/6&#8243;][vc_single_image image=&#8221;8466&#8243; img_size=&#8221;full&#8221; style=&#8221;vc_box_border&#8221;][\/vc_column_inner][vc_column_inner width=&#8221;5\/6&#8243;][vc_column_text css=&#8221;.vc_custom_1672147427235{margin-top: -15px !important;}&#8221;]The Subdepartment of Physical Chemistry was founded with the arrival of Prof. Dr. Tibor \u0160kerlak to Sarajevo in the spring of 1954, after being elected to the position of Associate Professor [&hellip;]<\/p>\n","protected":false},"author":1,"featured_media":0,"parent":8625,"menu_order":0,"comment_status":"closed","ping_status":"closed","template":"","meta":{"footnotes":""},"class_list":["post-8458","page","type-page","status-publish","hentry"],"_links":{"self":[{"href":"https:\/\/hemija.pmf.unsa.ba\/eng\/wp-json\/wp\/v2\/pages\/8458","targetHints":{"allow":["GET"]}}],"collection":[{"href":"https:\/\/hemija.pmf.unsa.ba\/eng\/wp-json\/wp\/v2\/pages"}],"about":[{"href":"https:\/\/hemija.pmf.unsa.ba\/eng\/wp-json\/wp\/v2\/types\/page"}],"author":[{"embeddable":true,"href":"https:\/\/hemija.pmf.unsa.ba\/eng\/wp-json\/wp\/v2\/users\/1"}],"replies":[{"embeddable":true,"href":"https:\/\/hemija.pmf.unsa.ba\/eng\/wp-json\/wp\/v2\/comments?post=8458"}],"version-history":[{"count":83,"href":"https:\/\/hemija.pmf.unsa.ba\/eng\/wp-json\/wp\/v2\/pages\/8458\/revisions"}],"predecessor-version":[{"id":12514,"href":"https:\/\/hemija.pmf.unsa.ba\/eng\/wp-json\/wp\/v2\/pages\/8458\/revisions\/12514"}],"up":[{"embeddable":true,"href":"https:\/\/hemija.pmf.unsa.ba\/eng\/wp-json\/wp\/v2\/pages\/8625"}],"wp:attachment":[{"href":"https:\/\/hemija.pmf.unsa.ba\/eng\/wp-json\/wp\/v2\/media?parent=8458"}],"curies":[{"name":"wp","href":"https:\/\/api.w.org\/{rel}","templated":true}]}}