{"id":8537,"date":"2021-05-12T15:32:00","date_gmt":"2021-05-12T15:32:00","guid":{"rendered":"https:\/\/kreator.dev\/hemija\/?page_id=8537"},"modified":"2022-12-26T13:56:38","modified_gmt":"2022-12-26T13:56:38","slug":"cabinet-for-radiochemistry","status":"publish","type":"page","link":"https:\/\/hemija.pmf.unsa.ba\/eng\/organization-of-the-department\/cabinet-for-radiochemistry\/","title":{"rendered":"Cabinet for Radiochemistry"},"content":{"rendered":"<div class=\"wpb-content-wrapper\"><p>[vc_row][vc_column]<div class=\"qodef-section-title-holder  qodef-st-standard qodef-st-title-left qodef-st-normal-space \" style=\"text-align: center\">\n\t<div class=\"qodef-st-inner\">\n\t\t\t\t\t<h2 class=\"qodef-st-title\" >\n\t\t\t\tCabinet for radiochemistry\t\t\t<\/h2>\n\t\t                    <span class=\"qodef-st-background-text\" >\n                Department of Chemistry            <\/span>\n        \t\t\t<\/div>\n<\/div>[\/vc_column][\/vc_row][vc_row css=&#8221;.vc_custom_1623405078968{margin-top: 80px !important;margin-bottom: 80px !important;}&#8221;][vc_column width=&#8221;2\/3&#8243;][vc_column_text]The cabinet for radiochemistry currently has three employees. It is equipped with a gamma spectrometer that is used for the teaching (making diploma, master&#8217;s and doctoral theses) and scientific-research process. In less than 9 years, the Cabinet has successfully facilitated the creation of more than 40 diploma and master&#8217;s theses in the field of radiochemistry. In front of BiH, the Cabinet is an active member of two IAEA projects, which enable the Cabinet staff to receive training in the field of radiochemistry, as well as the procurement of equipment and reagents. These projects are important for PMF, Department of Chemistry, since they enable the participants to transfer the acquired knowledge to the students and thereby improve the teaching-scientific process. International cooperation with many other Universities and Institutes from the region and the EU was also achieved in front of the Cabinet.<\/p>\n<p>The Cabinet is also an active participant in scientific and popular events organized by the Federal Ministry of Science and Education for 5 years in a row and every year involves more students as participants in the event. The realization of the project is achieved through the public presentation of scientific\/professional work in the field of radiochemistry, and students are provided with a visit to one of the two universities listed. Also, within the scope of these scientific and popular manifestations, the cooperation of the University of Sarajevo with the Universities of Tuzla and Mostar is realized and future cooperation within the scope of scientific and research projects is promoted.<\/p>\n<p>The research carried out by the Cabinet for Radiochemistry mainly includes tests of radioactivity in environmental samples, and research related to the purification of waste water loaded with radionuclides. From the list of works of Cabinet members, it can be seen that in the last few years most of the works have been published in world reference journals. Employees of the Cabinet for Radiochemistry within the Cabinet for Chemical Technology (field of biotechnology) are also actively engaged in research in the field of green technologies (production and purification of biodiesel), which resulted in the publication of a significant number of scientific papers in reference journals.[\/vc_column_text][\/vc_column][vc_column width=&#8221;1\/3&#8243; css=&#8221;.vc_custom_1622539533309{padding-left: 40px !important;}&#8221;][vc_column_text]It is important to note that the Faculty of Science of the University of Sarajevo is the only higher education institution in Bosnia and Herzegovina where radiochemistry is studied within the Department of Chemistry.<\/p>\n<p>Given that, in addition to the Radiochemistry Cabinet, the Department of Radiobiology with Radiation Hygiene, Biophysics and Environmental Protection of the Veterinary Faculty of the University of Sarajevo deals with research in the field of radioactivity, cooperation has been achieved with it through many joint researches in this area.[\/vc_column_text][vc_column_text css=&#8221;.vc_custom_1670282095605{margin-top: 30px !important;border-top-width: 1px !important;border-right-width: 1px !important;border-bottom-width: 1px !important;border-left-width: 1px !important;padding-top: 20px !important;padding-right: 20px !important;padding-bottom: 30px !important;padding-left: 30px !important;border-left-color: #1a616b !important;border-left-style: solid !important;border-right-color: #1a616b !important;border-right-style: solid !important;border-top-color: #1a616b !important;border-top-style: solid !important;border-bottom-color: #1a616b !important;border-bottom-style: solid !important;}&#8221;]<strong>Head of Cabinet:<\/strong> <a title=\"Mirza Nuhanovi\u0107\" href=\"https:\/\/hemija.pmf.unsa.ba\/eng\/teaching-staff\/prof-mirza-nuhanovic-ph-d\/\">Mirza Nuhanovi\u0107, Full Professor<\/a><br \/>\n<strong>Contact phone:<\/strong> 033\/279-865<br \/>\n<strong>E-mail:\u00a0<\/strong><a href=\"mailto:mirza.n@pmf.unsa.ba\">mirza.n@pmf.unsa.ba<\/a><br \/>\n<strong>Office number:<\/strong> 65[\/vc_column_text][\/vc_column][\/vc_row][vc_row full_width=&#8221;stretch_row&#8221; css=&#8221;.vc_custom_1623405211366{padding-top: 43px !important;padding-bottom: 78px !important;background-color: #f7f7f7 !important;}&#8221;][vc_column][vc_column_text]<\/p>\n<table class=\"katedra-table\">\n<thead>\n<tr>\n<th style=\"text-align: center;\" colspan=\"5\">Teachers and associates<\/th>\n<\/tr>\n<tr>\n<th>Academic title<\/th>\n<th>Name and surname<\/th>\n<th>Phone number<\/th>\n<th>Cabinet number<\/th>\n<th>E-mail address<\/th>\n<\/tr>\n<\/thead>\n<tbody>\n<tr>\n<td>Head of Cabinet<\/td>\n<td><a href=\"https:\/\/hemija.pmf.unsa.ba\/eng\/teaching-staff\/prof-mirza-nuhanovic-ph-d\/\" target=\"_blank\" rel=\"noopener\">Mirza Nuhanovi\u0107, Full Professor<\/a><\/td>\n<td>033\/279-865<\/td>\n<td>65<\/td>\n<td><a href=\"mailto:mirza.n@pmf.unsa.ba\">mirza.n@pmf.unsa.ba<\/a><\/td>\n<\/tr>\n<tr>\n<td>Senior Teaching Assistant<\/td>\n<td><a href=\"https:\/\/hemija.pmf.unsa.ba\/eng\/teaching-staff\/mr-narcisa-smjecanin\/\" target=\"_blank\" rel=\"noopener\">Narcisa Smje\u010danin\u00a0<\/a><\/td>\n<td>033\/279-976<\/td>\n<td>62<\/td>\n<td><a href=\"mailto:narcisa.smjecanin@pmf.unsa.ba\">narcisa.smjecanin@pmf.unsa.ba\u00a0<\/a><\/td>\n<\/tr>\n<\/tbody>\n<\/table>\n<p>&nbsp;<\/p>\n<table class=\"katedra-table\">\n<thead>\n<tr>\n<th style=\"text-align: center;\" colspan=\"5\">Non-teaching staff<\/th>\n<\/tr>\n<tr>\n<th>Academic title<\/th>\n<th>Name and surname<\/th>\n<th>Phone number<\/th>\n<th>Cabinet number<\/th>\n<th>E-mail address<\/th>\n<\/tr>\n<\/thead>\n<tbody>\n<tr>\n<td>Laboratory technician<\/td>\n<td>Damir \u0160iljevi\u0107<\/td>\n<td>033\/279-970<\/td>\n<td>Auxiliary room of laboratory no. 74<\/td>\n<td>\n<div><a href=\"mailto:siljevic.damir@pmf.unsa.ba\"><span lang=\"PL\">siljevic.damir@pmf.unsa.ba<\/span><\/a><\/div>\n<\/td>\n<\/tr>\n<\/tbody>\n<\/table>\n<p>[\/vc_column_text][\/vc_column][\/vc_row][vc_row simple_background_color=&#8221;#f7f7f7&#8243; css=&#8221;.vc_custom_1623405218732{padding-top: 45px !important;padding-bottom: 56px !important;background-color: #ffffff !important;}&#8221;][vc_column][vc_tta_accordion shape=&#8221;square&#8221; color=&#8221;sky&#8221; gap=&#8221;10&#8243; c_icon=&#8221;chevron&#8221; c_position=&#8221;right&#8221; active_section=&#8221;&#8221; no_fill=&#8221;true&#8221; collapsible_all=&#8221;true&#8221; el_class=&#8221;kreator-tabs&#8221;][vc_tta_section title=&#8221;Publications in scientific journals&#8221; tab_id=&#8221;radovi-u-casopisima1622538434462&#8243;][vc_column_text]<\/p>\n<h3>Papers indexed in Web Of Science and other databases<\/h3>\n<ol>\n<li>Hamad Sadiq, Farooq Sher, Saba Sehar, Eder C. Lima, Shengfu Zhang, Hafiz M.N. Iqbal, Fatima Zafar, Mirza Nuhanovi\u0107 (2021). Green synthesis of ZnO nanoparticles from Syzygium Cumini leaves extract with robust photocatalysis applications. Journal of Molecular Liquids (DOI:10.1016\/j.molliq.2021.116567) (Web of Science)<\/li>\n<li>Saida Ibragic, Narcisa Smje\u010danin, Ranko Milu\u0161i\u0107, Mirza Nuhanovi\u0107 (2021). Pomelo peel and sugar beet pulp as novel biosorbents in purification of biodiesel. Biofuels (DOI:10.1080\/17597269.2021.1920198) (Web of Science)<\/li>\n<li>Mirza Nuhanovi\u0107, Narcisa Smje\u010danin, Neira Mulahusi\u0107 &amp; Jasmina Sulejmanovi\u0107 (2021). Pomegranate peel waste biomass modified with H3PO4 as a promising sorbent for uranium(VI) removal, Journal of Radioanalytical and Nuclear Chemistry, 1-10. (Web of Science)<\/li>\n<li>Haseeb Yaqoob, Yew Heng Teoh, Farooq Sher, Muhammad Ahmad Jamil, Mirza Nuhanovi\u0107, Omid Razmkhah, and Begum Erten (2021). Tribological Behaviour and Lubricating Mechanism of Tire Pyrolysis Oil, Coatings, Volume 11, Issue 4: 386. (Web of Science)<\/li>\n<li>Mirza Nuhanovi\u0107, Narcisa Smje\u010danin, Nerma Curi\u0107 &amp; Andrija Vinkovi\u0107 (2021). Efficient removal of U(VI) from aqueous solution using the biocomposite based on sugar beet pulp and pomelo peel, Journal of Radioanalytical and Nuclear Chemistry, 1-12. (Web of Science)<\/li>\n<li>Nuhanovi\u0107 M., Dre\u0161kovi\u0107 N. Mujezinovi\u0107 A., Muli\u0107 M. (2020). Examination of Total Gross Activity and Uranium Isotope Content in Thermal Waters in Bosnia and Herzegovina, Radiochemistry, 62(1), 125 \u2013130. (Web of Science)<\/li>\n<li>IbragicS., Smje\u010danin N., Hod\u017ei\u0107 S., Ram\u010di\u0107 \u0160., Nuhanovi\u0107 M. (2020). Study of uranium bioaccumulation capacity of Salvia officinalis L. And Ocimum basilicum L. Enhenced by citric acid, Bulletin of the Chemists and Technologists of Bosnia and Herzegovina, 55, 1-6. (Web of Science)<\/li>\n<li>M. Nuhanovi\u0107, M Grebo, S Draganovi\u0107, M Memi\u0107, N Smje\u010danin. (2019). Uranium (VI) biosorption by sugar beet pulp: kinetics, equlibrium and batch studies, Journal\u00a0 of Radioanalytical and Nuclear Chemistry, 322, 2065\u20132078. (Web of Science)<\/li>\n<li>Elma \u0160abanovi\u0107, Tid\u017ea Muhi\u0107-\u0160arac, Mirza Nuhanovi\u0107 &amp; Mustafa Memi\u0107 (2019). Biosorption of uranium (VI) from aqueous solution by Citrus limon peels: kinetics, equlibrium and batch studies, Journal of Radioanalytical and Nuclear Chemistry, 319, 425\u2013435. (Web of Science)<\/li>\n<li>E. Pehli\u0107, A. \u0160ap\u010danin, M. Srabovic, M. Nuhanovi\u0107, H. Nanic (2019). Heavy metal content in plastic children toys, Journal of Environmental Protection and Ecology, 20 (2), 685\u2013691. (Web of Science)<\/li>\n<li>Mirza Nuhanovic, Tatjana Lucic, Mustafa Memi\u0107, Saida Ibragic (2019). Evaluationof physicochemical properties of biodiesel-diesel blends in the context of fuel quality, Advances in Bioresearch, 10(1). (Web of Science)<\/li>\n<li>Mirza Nuhanovic, Ajla Topalovic, Dusan Culum, and Saida Ibragic (2018). The Effectiveness of Natural and Synthetic Antioxidant Additives on the Oxidation Stability of Biodiesel Synthesized from Fresh and Waste Sunflower Oil, Orbital: The Electronic Journal of Chemistry,. 10 (7): 535-542. (Web of Science)<\/li>\n<li>Nuhanovi\u0107, M.*, Memi\u0107, S., Su\u0161i\u0107, E., Smje\u010danin, N. (2018). Influence of tested parameters on biodiesel quality obtained from usedand unused vegetable oil, Bulletin of the Chemists and Technologists of Bosnia and Herzegovina, 51, 7-12. (Web of Science)<\/li>\n<li>Ahatovi\u0107 A., Ljekperi\u0107 E., Nuhanovi\u0107 M., Durmi\u0107-Pa\u0161i\u0107 A. (2017). Screening for GMO in Fermented Soy Sauce, Genetics &amp; Applications, Vo 1, No 1. (EBSCO, DOAJ ,CAB Abstracts, Google Scholar, Global Health database, Crossref and Index Copernicus)<\/li>\n<li>Huremovi\u0107 M., Srabovi\u0107 M., Pehli\u0107 E., Salihovi\u0107 M., Nuhanovi\u0107 M., Huseinovi\u0107 E., Taletovi\u0107 A. (2016). Solubilization of Fexofenadine Hydrochloride Using Surfactants, European Journal of Scientific Research. 139, 1. (Web of Science)<\/li>\n<li>Nuhanovi\u0107 M., Pehli\u0107 E., \u010cisija V., Guti\u0107 S., (2016). Effect of Ultrasound on Biodiesel Synthesis from Plant Oil, Bulletin of the Chemists and Technologists of Bosnia and Herzegovina, 46. (EBSCO, Chemical Abstracts Plus, Google Scholar)<\/li>\n<li>Mutap A., Huremovi\u0107 J., Nuhanovi\u0107 M. (2016). Analysis of the Essential Metals in Human Hair by the AAS Method, Bulletin of the Chemists and Technologists of Bosnia and Herzegovina, 46. (EBSCO, Chemical Abstracts Plus, Google Scholar)<\/li>\n<li>Nuhanovi\u0107 M., Muli\u0107 M., Mujezinovi\u0107 A., Grgi\u0107 \u017d., Baji\u0107 I. (2015). Determination of gross alpha and beta activity and uranium isotope content in commercially available, bottled,natural spring waters, Bulletin of the Chemists and Technologists of Bosnia and Herzegovina, 45, 31-34. (EBSCO, Chemical Abstracts Plus, Google Scholar)<\/li>\n<li>Nurudin A, Goleti\u0107 \u0160., \u0160erifovi\u0107 E., Nuhanovi\u0107 M. (2015). Impact analysis of Brijesnica landfill site on the water system in the Majevica canal, Bulletin of the Chemists and Technologists of Bosnia and Herzegovina ,45, 13-18. (EBSCO, Chemical Abstracts Plus, Google Scholar)<\/li>\n<li>Nuhanovi\u0107 M., Vidic A., Ili\u0107 Z., Kald\u017eija N., Pu\u0161ina N. (2014). Investigation of potentially contaminated areas in the Federation of Bosnia and Herzegovina with depleted uranium, Bulletin of the Chemists and Technologists of Bosnia and Herzegovina, 44, 79-82. (EBSCO, Chemical Abstracts Plus, Google Scholar)<\/li>\n<li>Pehli\u0107 E., Bajramovi\u0107 \u0110., Nuhanovi\u0107 M., \u0160ap\u010danin A., Banjanin B., Nani\u0107 H., Red\u017ei\u0107 S., Srabovi\u0107 M. (2013). Propionic acid derivates synthesis as cyclooxygenase-1(COX-1) and cyclooxygenase-2 (COX-2) inhibitors by rheeumatoid arthritis, Balkan Journal of Health Science, 1(1), 6-11. (Academic Resource Index, Index Copernicus&#8230;)<\/li>\n<li>Banjanin B., Poljakovi\u0107 M., Srabovi\u0107 M., Nuhanovi\u0107 M. (2013). Kristalizacija i morfolo\u0161ke karakteristike feksofenadin hidrohlorida, Vox Scientiae PHARMHEALTH, 1, 11-17. (Web of Science)<\/li>\n<li>Pehli\u0107 E., Nuhanovi\u0107 M., \u0160ap\u010danin A., Banjanin B., Nani\u0107 H., Red\u017ei\u0107 S., Poljakovi\u0107 M., (2012). Characterization of acetylsalicyl acid with thin-layer chromatography and hot-stage microscopy depending to solvent system, HealthMED Journal, 6(11), 3878-3884. (Web of Science)<\/li>\n<li>Pehli\u0107 E., Bajramovi\u0107 \u0110., Nuhanovi\u0107 M.,Sapcanin A., Banjanin B., Nani\u0107 H., Poljakovi\u0107 M.,Srabovic M., Salimovi\u0107 \u0106., (2011). Identification of propionic acid methyl derivate as non-steroidal antirheumatic drug by infrared spectroscopy, HealthMed Journal, 5(6), 2266-2271. (Web of Science)<\/li>\n<li>Budimir J., Nuhanovi\u0107 M., Kubi\u010dek R., Banjanin B., Suljagi\u0107 J., Suljkanovi\u0107 M. (2011). Effect of amlodipine salt anion on crystal size distribution during crystalization from methanol and ethanol, Technologica Acta, 4(2), 9-18. (CAB Abstracts, EBSCO&#8230;)<\/li>\n<li>Pehli\u0107 E., Nani\u0107 H,. Nuhanovi\u0107 M.,Banjanin B., Bajramovi\u0107 \u0110., \u0160ab\u010danin A., Poljakovi\u0107 M., Srabovi\u0107 M., (2010). Identification of synthetizes 2-(4- benzoylphenyl)-2-methyl propionic acid by thyn layer chromatography in the system ethyl acetate-cyclohexane and benzene-cyclohexane, HealthMED Journal, 4(4), 867- 878. (Web of Science)<\/li>\n<li>Pehli\u0107 E., \u0160ab\u010danin A., Nuhanovi\u0107 M.,Banjanin B.,Nanic H., Red\u017eic S., Muri\u0107 A., Salimovi\u0107 C., Poljakovi\u0107 M.,Srabovi\u0107 M., (2010). Qualitative methods of identification of acetylsalycilic acid by differential scanning calorimetry and melting point method, HealthMED Journal, 5(6),1782-1787. (Web of Science)<\/li>\n<li>A\u0161\u0107eric M., Hod\u017eic Z., Dreven\u0161ek G., Nuhanovi\u0107 M., (2007). Plant flavonoids: Chemical structures, Biochemical and pharmacotherapeutic efficiency, HealthMED, 1(2), 31-37. (Web of Science)<\/li>\n<\/ol>\n<p>[\/vc_column_text][\/vc_tta_section][vc_tta_section title=&#8221;Papers in proceedings, books of abstracts, poster presentations&#8221; tab_id=&#8221;zbornici-radova1622538434462&#8243;][vc_column_text]<\/p>\n<ol>\n<li>Mirza Nuhanovi\u0107, Nusret Dre\u0161kovi\u0107, Samir \u0110ug, Narcisa Smje\u010danin. (2019). Investigation of the natural radioactivity of the sediment samples from the area of \u200b\u200bUna River. Seventh International Conference on Radiation in Various Fields of Research (RAD), Herceg Novi, Montenegro 10-14 June 2019. Book of Abstract, No. 407 and Poster Presentation.<\/li>\n<li>Begy R-Cs, Kelemen Sz, Nikolov J, Todorovic N, Smjecanin N, Nuhanovic M, Krmar M, Veres DS. (2019). Reconstruction of climate variations from the Modern Warm Period in the Balkan region by using 210-Pb chronology. 5th International Conference on Environmental Radioactivity Variations of Environmental Radionuclides, Prague, Czech Republic, p. 226<\/li>\n<li>Nuhanovi\u0107 Mirza, Smje\u010danin Narcisa, Grebo Mirza, Draganovi\u0107 Sanel. Waste water in the pharmaceutical industry. Conference with international participation, &#8220;Water and Life&#8221;, \u010capljina, September 28, 2018. Monograph<br \/>\nPehli\u0107 E., \u0160ab\u010danin A., Srabovi\u0107 M., Nuhanovi\u0107 M., Nani\u0107 H., D\u017eaferovi\u0107 A. (2018). Heavy metal content in plastic children&#8217;s toys, Conference paper<\/li>\n<li>Nuhanovi\u0107 M., Muli\u0107 M., Mujezinovi\u0107 A., Vidic A., Ili\u0107 Z. (2015). Determination of gross alpha and beta activity and uranium isotope content in spring waters, Proceedings of the 2nd scientific and expert conference with international participation, Karst water management and protection, FPMOZ, Mostar, 76-80.<\/li>\n<li>Vidic A., Ra\u0161idagi\u0107 A., Ili\u0107 Z., Nuhanovi\u0107 M. (2013). Recent determinations of uranium and gross alpha and beta in groundwater samples of Hadzici area, Proceedings of the 9th Symposium of the CROATIAN RADIATION PROTECTION ASSOCIATION, with international participation, Zagreb, 379-383.<\/li>\n<li>Avdi\u0107 N., Kora\u0107 F., Nuhanovi\u0107 M. (2013). Possibility of reconstructing small wastewater treatment plants built in the 90s in modern plants,, CDKZM, Material and environmental protection, 2, 97-106, Podgorica.<\/li>\n<li>Pehli\u0107 E., Nuhanovi\u0107 M., \u0160ap\u010danin A., Banjanin B., Nani\u0107 H., Srabovi\u0107 M., Red\u017ei\u0107, M., Toromanovi\u0107. (2013). Identification of acetylsalicylic acid using High-performance liquid Chromatography (HPLC) depending on the solvent system, X Consultation of chemists, technologists and ecologists of the Republic of Srpska, Banja Luka, November 2013, Proceedings, 16-21<\/li>\n<li>Nuhanovi\u0107 M., \u0106atovi\u0107 E., Fako \u0160., Pehli\u0107 E., Hodzic Z., (2010). Effect of Concentration and Type of Solvent During the Recrystallization Process Enantiomer Composition of Different Salts of Amlodipine, 70th FIP World Congress of<\/li>\n<li>Pharmacy\/Pharmaceutical Sciences 28 August-2 September 2010. Lisbon, Poster presentation, Book of abstracts, (IPS-P 024)<\/li>\n<li>Nuhanovi\u0107 M., Zili\u0107 L., Had\u017eidedi\u0107 \u0160., Pehli\u0107 E., (2009). Synthesys and preliminary stability evaluation of different salts of amlodipine, 69th International Congress of FIP, 3-8 September 2009, Istanbul, Poster presentation, Book of abstracts.<\/li>\n<li>Srabovi\u0107 M., Banjanin B., Budimir J., Joldi\u0107 M. Nuhanovi\u0107 M., Had\u017eidedic \u0160., (2008). Designing the production and morphological characteristics of the polymorphic form of 5-II-dibenz(b,f) azepine-5-carboxamide, XII Ruzicki dani, 18-19 September 2008. Vukovar, Zbornik radova i sa\u017eetaka, 126<\/li>\n<li>Nuhanovi\u0107 M., Had\u017eidedi\u0107 \u0160., (2007). Designing synthesis and defining of morphological characteristics of pyridine derivatives, 4th Congress of Pharmacy of Macedonia with International Participation, 26-30 September 2007, Ohrid, Poster presentation, Book of abstracts, Macedonian pharmaceutical bulletin 53(1,2), 182 pp 81<\/li>\n<li>Imamovi\u0107 A., Mandal \u0160., Banjanin B., Muhi\u0107-Sarac T., Nuhanovi\u0107 M., (2005). Some chemical aspects of free radicals, Proceedings of the Faculty of Science, Tuzla, 2, 34-35<\/li>\n<li>\u0106osovi\u0107 M., Banjanin B., Kubi\u010dek R., (2003). The influence of the concentration of Ca2+ ions on the washing efficiency of the surfactant mixture: LAS, LES and APG depending on the pH of the solution, VII conference of chemists and technologists of the Republic of Srpska, Proceedings, 63<\/li>\n<li>\u0106osovic M., Banjanin B., Pa\u0161alic H., (2003). Examining the interaction of surfactants (LAS, LES and APG) and their sensitivity to Ca2+ ions in the function of choosing a formulation that gives the best washing effects, Proceedings of the Faculty of Philosophy, University of Tuzla, Tuzla, 31(4)<\/li>\n<\/ol>\n<p>[\/vc_column_text][\/vc_tta_section][\/vc_tta_accordion][\/vc_column][\/vc_row]<\/p>\n<\/div>","protected":false},"excerpt":{"rendered":"<p>[vc_row][vc_column][\/vc_column][\/vc_row][vc_row css=&#8221;.vc_custom_1623405078968{margin-top: 80px !important;margin-bottom: 80px !important;}&#8221;][vc_column width=&#8221;2\/3&#8243;][vc_column_text]The cabinet for radiochemistry currently has three employees. It is equipped with a gamma spectrometer that is used for the teaching (making diploma, master&#8217;s and doctoral theses) and scientific-research process. In less than 9 years, the Cabinet has successfully [&hellip;]<\/p>\n","protected":false},"author":1,"featured_media":0,"parent":8625,"menu_order":0,"comment_status":"closed","ping_status":"closed","template":"","meta":{"footnotes":""},"class_list":["post-8537","page","type-page","status-publish","hentry"],"_links":{"self":[{"href":"https:\/\/hemija.pmf.unsa.ba\/eng\/wp-json\/wp\/v2\/pages\/8537","targetHints":{"allow":["GET"]}}],"collection":[{"href":"https:\/\/hemija.pmf.unsa.ba\/eng\/wp-json\/wp\/v2\/pages"}],"about":[{"href":"https:\/\/hemija.pmf.unsa.ba\/eng\/wp-json\/wp\/v2\/types\/page"}],"author":[{"embeddable":true,"href":"https:\/\/hemija.pmf.unsa.ba\/eng\/wp-json\/wp\/v2\/users\/1"}],"replies":[{"embeddable":true,"href":"https:\/\/hemija.pmf.unsa.ba\/eng\/wp-json\/wp\/v2\/comments?post=8537"}],"version-history":[{"count":58,"href":"https:\/\/hemija.pmf.unsa.ba\/eng\/wp-json\/wp\/v2\/pages\/8537\/revisions"}],"predecessor-version":[{"id":12470,"href":"https:\/\/hemija.pmf.unsa.ba\/eng\/wp-json\/wp\/v2\/pages\/8537\/revisions\/12470"}],"up":[{"embeddable":true,"href":"https:\/\/hemija.pmf.unsa.ba\/eng\/wp-json\/wp\/v2\/pages\/8625"}],"wp:attachment":[{"href":"https:\/\/hemija.pmf.unsa.ba\/eng\/wp-json\/wp\/v2\/media?parent=8537"}],"curies":[{"name":"wp","href":"https:\/\/api.w.org\/{rel}","templated":true}]}}