{"id":9793,"date":"2021-05-31T09:19:29","date_gmt":"2021-05-31T09:19:29","guid":{"rendered":"https:\/\/kreator.dev\/hemija\/?page_id=9793"},"modified":"2023-01-30T23:53:25","modified_gmt":"2023-01-30T23:53:25","slug":"textbooks-and-practicals","status":"publish","type":"page","link":"https:\/\/hemija.pmf.unsa.ba\/eng\/textbooks-and-practicals\/","title":{"rendered":"Textbooks and practicals"},"content":{"rendered":"<div class=\"wpb-content-wrapper\"><p>[vc_row][vc_column][vc_custom_heading text=&#8221;Textbooks and practicals&#8221; use_theme_fonts=&#8221;yes&#8221;][vc_empty_space][\/vc_column][\/vc_row][vc_row css=&#8221;.vc_custom_1675122802420{margin-bottom: 70px !important;}&#8221;][vc_column][vc_column_text]<\/p>\n<table width=\"595\">\n<thead>\n<tr>\n<td width=\"328\"><strong>AUTHOR AND TITLE<\/strong><\/td>\n<td width=\"268\"><strong>PUBLISHER<\/strong><\/td>\n<\/tr>\n<\/thead>\n<tbody>\n<tr>\n<td width=\"328\">Nevzeta Ljubijanki\u0107, Sabina Begi\u0107, Irnesa Osmankovi\u0107<br \/>\n<strong>Praktikum Op\u0161te hemije<\/strong><\/td>\n<td width=\"268\">Prirodno-matemati\u010dki fakultet, <strong>2022<\/strong>;<br \/>\nISBN 978-9926-453-53-4;\u00a0 COBIS.BH-ID 505024064<\/td>\n<\/tr>\n<tr>\n<td width=\"328\">Nuhanovi\u0107 Mirza, Grada\u0161\u0107evi\u0107 Ned\u017ead, Smje\u010danin Narcisa<\/p>\n<p><strong>Osnove gamaspektrometrije sa praktikumom<\/strong><\/td>\n<td width=\"268\">Prirodno-matemati\u010dki fakultet Univerziteta u Sarajevu,<strong> 2022<\/strong><\/p>\n<p>ISBN 978-9926-453-42-8.<\/p>\n<p>COBISS.BH-ID 47209734<\/td>\n<\/tr>\n<tr>\n<td width=\"328\">Vidic Danijela, \u010culum Du\u0161an, Maksimovi\u0107 Milka<\/p>\n<p><strong>Praktikum hemije prirodnih produkata<\/strong><\/td>\n<td width=\"268\">Univerzitet u Sarajevu \u2013 Prirodno-matemati\u010dki fakultet, <strong>2022<\/strong>; ISBN 978-9926-453-44-2<\/td>\n<\/tr>\n<tr>\n<td width=\"328\">Safija Herenda, Edhem Haskovi\u0107<\/p>\n<p>Catalase and Its Inhibition. Poglavlje u knjizi: \u201cInhibitory Effects of Drugs on Catalase Activity\u201c, edited by Kaley Rutherford<\/td>\n<td width=\"268\">Book ISBN: 979-8-88697-421-8, <strong>2022<\/strong> Nova Science Publishers, Inc. Pp. 97-116<\/td>\n<\/tr>\n<tr>\n<td width=\"328\">Amir Fazli\u0107<br \/>\n<strong>Tehnolo\u0161ki procesi u kontroli zaga\u0111enja vazduha<\/strong><\/td>\n<td width=\"268\">Prirodno-matemati\u010dki fakultet, <strong>2021<\/strong>;<br \/>\nISBN 978- 9926-453-37-4;\u00a0 COBIS.BH-ID 45586694<\/td>\n<\/tr>\n<tr>\n<td width=\"328\">Maksimovi\u0107 Milka, \u010copra-Jani\u0107ijevi\u0107 Amira, Vidic Danijela, Top\u010dagi\u0107 Anela, Klepo Lejla, Dizdar Muamer, \u010culum Du\u0161an<\/p>\n<p><strong>Osnove organske hemije <\/strong><\/p>\n<p><strong>Zbirka zadataka<\/strong><\/td>\n<td width=\"268\">Univerzitet u Sarajevu \u2013 Prirodno-matemati\u010dki fakultet <strong>2019<\/strong>; ISBN 978-9926-453-21-3<\/td>\n<\/tr>\n<tr>\n<td width=\"328\">Saida Ibragi\u0107<br \/>\n<strong>Praktikum iz bioanaliti\u010dke hemije<\/strong><\/td>\n<td width=\"268\">Prirodno-matemati\u010dki fakultet, Sarajevo, <strong>2019<\/strong><br \/>\nISBN 978-9926-453-22-0; COBIS.BH-ID 28383494<\/td>\n<\/tr>\n<tr>\n<td width=\"328\">Fehim Kora\u0107, Sanjin Guti\u0107, Jelena Ostoji\u0107, Safija Herenda, Sabina Gojak-Salimovi\u0107<\/p>\n<p><strong>Praktikum iz elektrohemije<\/strong><\/td>\n<td width=\"268\">Prirodno-matemati\u010dki fakultet, Sarajevo,<strong> 2019<\/strong><\/p>\n<p>ISBN 978-9926-453-17-6; COBISS BH-ID 27108102<\/td>\n<\/tr>\n<tr>\n<td width=\"328\">Tahirovi\u0107 Azra, Klepo Lejla<\/p>\n<p><strong>Zbirka zadataka iz hemije za studente \u0161umarstva i hortikulture <\/strong><\/td>\n<td width=\"268\">Univerzitet u Sarajevu, \u0160umarski fakultet,<strong>2018<\/strong><\/p>\n<p>ISBN 978-9958-616-51-8<\/td>\n<\/tr>\n<tr>\n<td width=\"328\">Tid\u017ea Muhi\u0107-\u0160arac, Jasna Huremovi\u0107<\/p>\n<p><strong>Hemija i kvalitet tla <\/strong><\/td>\n<td width=\"268\">Prirodno-matemati\u010dki fakultet, 2015<\/p>\n<p>ISBN 978-9958-592-63-8; COBISS.BIH-ID 22096902<\/td>\n<\/tr>\n<tr>\n<td width=\"328\">Sabina Gojak-Salimovi\u0107<\/p>\n<p><strong>Kinetika i kataliza<\/strong><\/td>\n<td width=\"268\">Prirodno-matemati\u010dki fakultet, Sarajevo, <strong>2017<\/strong><\/p>\n<p>ISBN 978-9958-592-86-7; COBISS BH-ID 23734022<\/td>\n<\/tr>\n<tr>\n<td width=\"328\">Fehim Kora\u0107, Sanjin Guti\u0107, Safija Herenda, Jelena Ostoji\u0107, Sabina Gojak-Salimovi\u0107<\/p>\n<p><strong>Praktikum iz korozije i za\u0161tite<\/strong><\/td>\n<td width=\"268\">Prirodno-matemati\u010dki fakultet, Sarajevo, <strong>2017<\/strong><\/p>\n<p>ISBN 978-9958-592-98-0; COBISS BH-ID 24507398<\/td>\n<\/tr>\n<tr>\n<td width=\"328\">Ismet Tahirovi\u0107, Lejla Klepo, Jasmin Toromanovi\u0107<br \/>\n<strong>P<\/strong><strong>raktikum iz hemije makromolekula<\/strong><\/td>\n<td width=\"268\">Prirodno-matemati\u010dki fakultet Sarajevo, <strong>2018.<\/strong><br \/>\nISBN 978-9958-592-99-7; COBIS.BH-ID 25061382<\/td>\n<\/tr>\n<tr>\n<td width=\"328\">Ismet Tahirovi\u0107, Anela Top\u010dagi\u0107, Nermin Buza<br \/>\n<strong>Z<\/strong><strong>birka zadataka iz biohemije <\/strong><strong>I<\/strong><\/td>\n<td width=\"268\">Prirodno-matemati\u010dki fakultet, <strong>2018<\/strong>;<br \/>\nISBN 978-9926-453-00-8; COBIS.BH-ID 25331462<\/td>\n<\/tr>\n<tr>\n<td width=\"328\">Meliha Zejnilagi\u0107-Hajri\u0107<\/p>\n<p><strong>Dnevnik metodi\u010dke prakse iz hemije &#8211; I ciklus studija<\/strong><\/td>\n<td width=\"268\">Prirodno-matemati\u010dki fakultet, Sarajevo, <strong>2017<\/strong><br \/>\nISBN 978-9958-592-90-4; COBISS BH-ID 24033798<\/td>\n<\/tr>\n<tr>\n<td width=\"328\">Mustafa Memi\u0107, Sabina \u017dero<br \/>\n<strong>Praktikum iz instrumentalnih metoda analize<\/strong><\/td>\n<td width=\"268\">Prirodno-matemati\u010dki fakultet, <strong>2016<\/strong>;<br \/>\nISBN 978-9958-592-76-8; COBIS.BH-ID 22944262<\/td>\n<\/tr>\n<tr>\n<td width=\"328\">Meliha Zejnilagi\u0107-Hajri\u0107, Nevzeta Ljubijanki\u0107, Amira \u010copra-Jani\u0107ijevi\u0107, Danijela Vidic, Ines Nui\u0107<\/p>\n<p><strong>Praktikum iz metodike nastave hemije<\/strong><\/td>\n<td width=\"268\">Prirodno-matemati\u010dki fakultet, Sarajevo, <strong>2016<\/strong><br \/>\nISBN 978-9958-592-77-5; COBISS BH-ID 22953478<\/td>\n<\/tr>\n<tr>\n<td width=\"328\">Nuhanovi\u0107 Mirza<\/p>\n<p><strong>Uran u okolinskim uzorcima (Teorijske osnove sa praktikumom)<\/strong><\/td>\n<td width=\"268\">Prirodno-matemati\u010dki fakultet Univerziteta u Sarajevu,<strong> 2016<\/strong><\/p>\n<p>ISBN 978-9958-592-78-2.<\/p>\n<p>COBISS.BH-ID 22957318<\/td>\n<\/tr>\n<tr>\n<td width=\"328\">Tid\u017ea Muhi\u0107-\u0160arac, Jasmina Sulejmanovi\u0107, Amela Parti\u0107<br \/>\n<strong>Praktikum iz hemije \u017eivotne sredine I<\/strong><\/td>\n<td width=\"268\">Prirodno-matemati\u010dki fakultet, Sarajevo, <strong>2014<\/strong><br \/>\nISBN 978-9958-592-54-6; COBIS BH-ID 21596934<\/td>\n<\/tr>\n<tr>\n<td width=\"328\">Fehim Kora\u0107, Sanjin Guti\u0107, Sabina Gojak, Safija Islamovi\u0107, Jelena Ostoji\u0107<\/p>\n<p>Praktikum fizikalne hemije (prvi dio)<\/td>\n<td width=\"268\">Prirodno-matemati\u010dki fakultet, Sarajevo, <strong>2013<\/strong><\/p>\n<p>ISBN 978-9958-592-41-6; COBISS BH-ID 20563718<\/td>\n<\/tr>\n<tr>\n<td width=\"328\">Amira \u010copra-Jani\u0107ijevi\u0107, Lejla Klepo, Anela Top\u010dagi\u0107<br \/>\n<strong>P<\/strong><strong>raktikum organske hemije<\/strong><\/td>\n<td width=\"268\">Prirodno-matemati\u010dki fakultet, Sarajevo, <strong>2013<\/strong><br \/>\nISBN 978-9958-592-42-3; COBIS.BH-ID 20595974<\/td>\n<\/tr>\n<tr>\n<td width=\"328\">\u0160efket Goleti\u0107, Nusret Imamovi\u0107, Nurudin Avdi\u0107<br \/>\n<strong>Obrada otpadnih voda, ud\u017ebenik<\/strong><\/td>\n<td width=\"268\">Univerzitet u Zenici, <strong>2013<\/strong><br \/>\nISBN 978-9958-639-51-7; CIP NUB BiH 928.3(075.8)<\/td>\n<\/tr>\n<tr>\n<td width=\"328\">Nurudin Avdi\u0107, \u0160efket Goleti\u0107, Nusret Imamovi\u0107<br \/>\n<strong>Tehni\u010dki sistemi za pre\u010di\u0161\u0107avanje plinova, ud\u017ebenik<\/strong><\/td>\n<td width=\"268\">Univerzitet u Zenici, <strong>2013<\/strong><br \/>\nISBN 978-9958-639-50-0; CIP NUB BiH 504.5:66.074<\/td>\n<\/tr>\n<tr>\n<td width=\"328\">Ismet Tahirovi\u0107, Anela Top\u010dagi\u0107<br \/>\n<strong>Praktikum iz biohemije <\/strong><strong>I<\/strong><\/td>\n<td width=\"268\">Prirodno-matemati\u010dki fakultet, Sarajevo, <strong>2012<\/strong><br \/>\nISBN 978-9958-592-32-4; COBIS.BH-ID 19948294<\/td>\n<\/tr>\n<tr>\n<td width=\"328\">Sabina Gojak<br \/>\n<strong>Zbirka zadataka iz fizikalne hemije (struktura materije)<\/strong><\/td>\n<td width=\"268\">Prirodno-matemati\u010dki fakultet Sarajevo, <strong>2012.<\/strong><br \/>\nISBN 978-9958-592-31-7; COBIS BH-ID 19896326<\/td>\n<\/tr>\n<tr>\n<td width=\"328\">Emir Turku\u0161i\u0107<br \/>\n<strong>U<\/strong><strong>vod u hemijske senzore i biosenzore<\/strong><\/td>\n<td width=\"268\">Prirodno-matemati\u010dki fakultet, <strong>2012.<\/strong><br \/>\nISBN 978-9958-592-28-7; COBIS.BH-ID 19626502<\/td>\n<\/tr>\n<tr>\n<td width=\"328\">Mustafa Memi\u0107<br \/>\n<strong>Spektrometrijske metode analize \u2013 odabrana poglavlja<\/strong><\/td>\n<td width=\"268\">Prirodno-matemati\u010dki fakultet, <strong>2012;<\/strong><br \/>\nISBN 978-9958-592-29-4; COBIS.BH-ID 19723014<\/td>\n<\/tr>\n<tr>\n<td width=\"328\">Jasna Huremovi\u0107<br \/>\n<strong>Mehanizmi jonske izmjene<\/strong><\/td>\n<td width=\"268\">Prirodno-matemati\u010dki fakultet, <strong>2012.<\/strong><br \/>\nISBN 978-9958-592-25-6; COBIS.BH-ID 19288326<\/td>\n<\/tr>\n<tr>\n<td width=\"328\">Gutman, I., Zejnilagi\u0107-Hajri\u0107, M., Nui\u0107, I.<br \/>\n<strong>Historijski razvoj hemije<\/strong><\/td>\n<td width=\"268\">Prirodno-matemati\u010dki fakultet Sarajevo: Sarajevo, <strong>2012<\/strong><br \/>\nISBN 978-9958-592-33-1; COBISS.BH-ID 20105222<\/td>\n<\/tr>\n<tr>\n<td width=\"328\">Tid\u017ea Muhi\u0107-\u0160arac<br \/>\n<strong>Uvod u hemiju \u017eivotne sredine<\/strong><\/td>\n<td width=\"268\">Prirodno-matemati\u010dki fakultet, <strong>2011.<\/strong><br \/>\nISBN 978-9958-592-13-3; COBIS.BH-ID 18847494<\/td>\n<\/tr>\n<tr>\n<td width=\"328\">Grupa autora: Tid\u017ea Muhi\u0107-\u0160arac, Mustafa Memi\u0107\u2026<br \/>\n<strong>Practical Examples on Traceability, Measurement Uncertainty and Validation in Chemistry<\/strong><\/td>\n<td width=\"268\">European Union, <strong>2011<\/strong><br \/>\nISBN 978-92-79-18998-2; ISSN 1018-5593<\/td>\n<\/tr>\n<tr>\n<td width=\"328\">Emira Kahrovi\u0107<br \/>\n<strong>Uvod u eksperimentalnu anorgansku hemiju<\/strong><\/td>\n<td width=\"268\">Prirodno- matemati\u010dki fakultet, <strong>2011;<\/strong><br \/>\nISBN 978-9958-592-21-8; COBIS.BH-ID 19115270<\/td>\n<\/tr>\n<tr>\n<td width=\"328\">Emira Kahrovi\u0107, Nevzeta Ljubijanki\u0107<br \/>\n<strong>Praktikum anorganske hemije<\/strong><\/td>\n<td width=\"268\">Prirodno-matemati\u010dki fakultet, <strong>2011;<\/strong><br \/>\nISBN 978-9958-592-20-1; COBIS.BH-ID 19080454<\/td>\n<\/tr>\n<tr>\n<td width=\"328\">Ivan Gutman, Meliha Zejnilagi\u0107-Hajri\u0107, Ines Nui\u0107<\/p>\n<p><strong>Izabrana poglavlja iz istorije hemije<\/strong><\/td>\n<td width=\"268\">Prirodno-matemati\u010dki fakultet\u00a0 Kragujevac, <strong>2010 <\/strong><\/p>\n<p>COBISS SR-ID 1024003048<\/td>\n<\/tr>\n<tr>\n<td width=\"328\">Milka Maksimovi\u0107, Sanja \u0106avar, Danijela Vidic<br \/>\n<strong>Praktikum iz osnova organske hemije<\/strong><\/td>\n<td width=\"268\">Prirodno-matemati\u010dki fakultet, Sarajevo, <strong>2009<\/strong><br \/>\nISBN 978-9958-592-06-5; COBIS.BH-ID 17661446<\/td>\n<\/tr>\n<tr>\n<td width=\"328\">Zejnilagi\u0107-Hajri\u0107, M., Zovko, E.<br \/>\n<strong>Demonstracioni praktikum iz hemije<\/strong><\/td>\n<td width=\"268\">Prirodno-matemati\u010dki fakultet Sarajevo: Sarajevo, <strong>2009<\/strong><br \/>\nISBN 978-9958-592-07-2; COBISS.BH-ID 17672966<\/td>\n<\/tr>\n<tr>\n<td width=\"328\">Emira Zovko, Safija Islamovi\u0107,<\/p>\n<p><strong>Basic radiochemistry with a laboratory manual<\/strong><\/td>\n<td width=\"268\">Prirodno-matemati\u010dki fakultet Sarajevo, <strong>2009<\/strong>., ISBN 978-9958-592-08-9, COBIS.BH-ID 17673222.<\/td>\n<\/tr>\n<tr>\n<td width=\"328\">Emira Kahrovi\u0107<br \/>\n<strong>Anorganska hemija<\/strong><\/td>\n<td width=\"268\">Bemust, Sarajevo, <strong>2005<\/strong>;<br \/>\nISBN 9958-725-73-8; COBIS.BH-ID 14150406<\/td>\n<\/tr>\n<tr>\n<td width=\"328\">Azra Jaganjac, Ismet Tahirovi\u0107<br \/>\n<strong>O<\/strong><strong>snove hemijske tehnologije za studente hemije<\/strong><\/td>\n<td width=\"268\">Bemust, Sarajevo, <strong>2005<\/strong>;<br \/>\n66.0 (075.8) COBIS.BH-ID 143296066<\/td>\n<\/tr>\n<tr>\n<td width=\"328\">M.Cacan, F. Kora\u0107<br \/>\n<strong>Zbirka zadataka iz fizikalne hemije, (odabrana poglavlja)<\/strong><\/td>\n<td width=\"268\">Glas medicinara, Sarajevo, <strong>2005.<\/strong> godine<br \/>\nISBN 9958-9690-1-7; COBIS.BH-ID 14341382<\/td>\n<\/tr>\n<tr>\n<td width=\"328\">Milka Maksimovi\u0107<br \/>\n<strong>Karbohidrati <\/strong><strong>Zadaci i rje\u0161enja iz organske hemije<\/strong><\/td>\n<td width=\"268\">Prirodno-mateati\u010dki fakultet Sarajevo, <strong>2002<\/strong><br \/>\nISBN 9958-9280-3-5; COBISS.BH-ID 12136966<\/td>\n<\/tr>\n<\/tbody>\n<\/table>\n<p>[\/vc_column_text][\/vc_column][\/vc_row]<\/p>\n<\/div>","protected":false},"excerpt":{"rendered":"<p>[vc_row][vc_column][vc_custom_heading text=&#8221;Textbooks and practicals&#8221; use_theme_fonts=&#8221;yes&#8221;][vc_empty_space][\/vc_column][\/vc_row][vc_row css=&#8221;.vc_custom_1675122802420{margin-bottom: 70px !important;}&#8221;][vc_column][vc_column_text] AUTHOR AND TITLE PUBLISHER Nevzeta Ljubijanki\u0107, Sabina Begi\u0107, Irnesa Osmankovi\u0107 Praktikum Op\u0161te hemije Prirodno-matemati\u010dki fakultet, 2022; ISBN 978-9926-453-53-4;\u00a0 COBIS.BH-ID 505024064 Nuhanovi\u0107 Mirza, Grada\u0161\u0107evi\u0107 Ned\u017ead, Smje\u010danin Narcisa Osnove gamaspektrometrije sa praktikumom Prirodno-matemati\u010dki fakultet Univerziteta u Sarajevu, 2022 ISBN [&hellip;]<\/p>\n","protected":false},"author":1,"featured_media":0,"parent":0,"menu_order":0,"comment_status":"closed","ping_status":"closed","template":"","meta":{"footnotes":""},"class_list":["post-9793","page","type-page","status-publish","hentry"],"_links":{"self":[{"href":"https:\/\/hemija.pmf.unsa.ba\/eng\/wp-json\/wp\/v2\/pages\/9793","targetHints":{"allow":["GET"]}}],"collection":[{"href":"https:\/\/hemija.pmf.unsa.ba\/eng\/wp-json\/wp\/v2\/pages"}],"about":[{"href":"https:\/\/hemija.pmf.unsa.ba\/eng\/wp-json\/wp\/v2\/types\/page"}],"author":[{"embeddable":true,"href":"https:\/\/hemija.pmf.unsa.ba\/eng\/wp-json\/wp\/v2\/users\/1"}],"replies":[{"embeddable":true,"href":"https:\/\/hemija.pmf.unsa.ba\/eng\/wp-json\/wp\/v2\/comments?post=9793"}],"version-history":[{"count":48,"href":"https:\/\/hemija.pmf.unsa.ba\/eng\/wp-json\/wp\/v2\/pages\/9793\/revisions"}],"predecessor-version":[{"id":12564,"href":"https:\/\/hemija.pmf.unsa.ba\/eng\/wp-json\/wp\/v2\/pages\/9793\/revisions\/12564"}],"wp:attachment":[{"href":"https:\/\/hemija.pmf.unsa.ba\/eng\/wp-json\/wp\/v2\/media?parent=9793"}],"curies":[{"name":"wp","href":"https:\/\/api.w.org\/{rel}","templated":true}]}}